{"id":1226,"date":"2016-02-12T08:12:49","date_gmt":"2016-02-12T08:12:49","guid":{"rendered":"http:\/\/demos.famethemes.com\/onepress-oneify\/?page_id=23"},"modified":"2023-03-26T12:09:01","modified_gmt":"2023-03-26T10:09:01","slug":"solidarische-imkerei","status":"publish","type":"page","link":"https:\/\/dresdner-stadtbiene.de\/index.php\/solidarische-imkerei\/","title":{"rendered":"Solidarische Imkerei"},"content":{"rendered":"\n<p>Die solidarische Imkerei will ich so gestalten, dass der durchschnittliche Ertrag eines Volkes von ca. 30 kg Honig pro Jahr auf zehn Anteile, also jeweils rund 3 kg, verteilt wird. Ein Anteil soll zum Preis von 45 \u20ac zu erwerben sein. Da im Vorfeld nicht bekannt ist, wieviel Honig die Bienen tats\u00e4chlich sammeln werden, bedeutet das, in schlechten Jahren gibt es f\u00fcr einen Anteil vielleicht nur 2,5 kg, in guten Jahren wiederum 3,5 kg Honig. Abgef\u00fcllt werden soll der Honig in 1-Kilogl\u00e4ser um die Verpackungsmenge gering zu halten. Im Preis enthalten sind 3 \u20ac Pfand f\u00fcr die Gl\u00e4ser, damit sie hoffentlich zur\u00fcckgebracht werden. Verteilt wird der Honig nach den Ernten im Juni bzw. Juli. Es soll die M\u00f6glichkeit geben, gemeinsam in die V\u00f6lker zu schauen. Bei dieser Gelegenheit sollen auch die jeweiligen Arbeitsschritte an den V\u00f6lkern erl\u00e4utert werden.<\/p>\n","protected":false},"excerpt":{"rendered":"<p>Morbi in sem quis dui placerat ornare. Pellentesque odio nisi euismod in pharetra a ultricies.<\/p>\n","protected":false},"author":2,"featured_media":0,"parent":0,"menu_order":0,"comment_status":"closed","ping_status":"closed","template":"","meta":{"footnotes":""},"class_list":["post-1226","page","type-page","status-publish","hentry"],"_links":{"self":[{"href":"https:\/\/dresdner-stadtbiene.de\/index.php\/wp-json\/wp\/v2\/pages\/1226","targetHints":{"allow":["GET"]}}],"collection":[{"href":"https:\/\/dresdner-stadtbiene.de\/index.php\/wp-json\/wp\/v2\/pages"}],"about":[{"href":"https:\/\/dresdner-stadtbiene.de\/index.php\/wp-json\/wp\/v2\/types\/page"}],"author":[{"embeddable":true,"href":"https:\/\/dresdner-stadtbiene.de\/index.php\/wp-json\/wp\/v2\/users\/2"}],"replies":[{"embeddable":true,"href":"https:\/\/dresdner-stadtbiene.de\/index.php\/wp-json\/wp\/v2\/comments?post=1226"}],"version-history":[{"count":10,"href":"https:\/\/dresdner-stadtbiene.de\/index.php\/wp-json\/wp\/v2\/pages\/1226\/revisions"}],"predecessor-version":[{"id":1632,"href":"https:\/\/dresdner-stadtbiene.de\/index.php\/wp-json\/wp\/v2\/pages\/1226\/revisions\/1632"}],"wp:attachment":[{"href":"https:\/\/dresdner-stadtbiene.de\/index.php\/wp-json\/wp\/v2\/media?parent=1226"}],"curies":[{"name":"wp","href":"https:\/\/api.w.org\/{rel}","templated":true}]}}